{"id":2225,"date":"2017-08-16T11:43:23","date_gmt":"2017-08-16T16:43:23","guid":{"rendered":"http:\/\/www.serviciodeseguros.com\/servicios\/"},"modified":"2017-11-13T14:53:57","modified_gmt":"2017-11-13T19:53:57","slug":"servicios","status":"publish","type":"page","link":"https:\/\/serviciodeseguros.com\/en\/servicios\/","title":{"rendered":"Services"},"content":{"rendered":"<div class=\"wpb-content-wrapper\"><div id=\"modal-ready\"><p>[vc_row inverse=&#8221;&#8221; css=&#8221;.vc_custom_1502900617924{padding-top: 4.4px !important;padding-bottom: 0px !important;}&#8221;][vc_column]<h2 class=\"sc_title sc_title_regular sedes-title blue_seguros \" style=\"color:#0075b8;font-weight:600;\">Insurance Services<\/h2>[vc_column_text el_class=&#8221;subtitle sc_item_title sedes_lead&#8221;]We are your trusted insurance brokers. We offer the most qualified consulting in personal and business insurance matters.[\/vc_column_text][vc_empty_space height=&#8221;25&#8243;][vc_row_inner][vc_column_inner width=&#8221;1\/3&#8243;][vc_single_image image=&#8221;1686&#8243; img_size=&#8221;270&#215;270&#8243; alignment=&#8221;center&#8221; style=&#8221;vc_box_circle_2&#8243;][\/vc_column_inner][vc_column_inner width=&#8221;2\/3&#8243;]<h2 class=\"sc_title sc_title_regular sc_align_left ss-service-title margin_top_small\" style=\"text-align:left;\">Professional Insurance Brokers<\/h2>[vc_separator css=&#8221;.vc_custom_1502902577074{margin-top: 15px !important;margin-bottom: 15px !important;}&#8221;][vc_column_text]We provide consulting for every phase of the insurance policy management process. We design from the most simple Personal plan to the most specific protection for specialized industries and local and international businesses. Grupo SEDE offers all kinds of insurance solutions for both individuals and companies.[\/vc_column_text][vc_empty_space height=&#8221;20&#8243;]<a href=\"\/en\/cotizar\/\" target=\"_self\" class=\"sc_button sc_button_square sc_button_style_filled sc_button_size_small\" style=\"color:#ffffff;\">See complete insurance list<\/a>[\/vc_column_inner][\/vc_row_inner][\/vc_column][\/vc_row][vc_row][vc_column][vc_text_separator title=&#8221;We also provide:&#8221; title_align=&#8221;separator_align_left&#8221; el_class=&#8221;sedes-separator&#8221; css=&#8221;.vc_custom_1510257591030{margin-top: 35px !important;margin-bottom: 45px !important;}&#8221;][vc_row_inner][vc_column_inner width=&#8221;1\/3&#8243;][vc_single_image image=&#8221;1689&#8243; img_size=&#8221;200&#215;200&#8243; alignment=&#8221;center&#8221; style=&#8221;vc_box_circle_2&#8243;]<h2 class=\"sc_title sc_title_regular sc_align_center ss-service-title margin_top_small\" style=\"text-align:center;\">Risk Assessment<\/h2>[vc_separator css=&#8221;.vc_custom_1502902577074{margin-top: 15px !important;margin-bottom: 15px !important;}&#8221;][vc_column_text]We analyze risk according to our client\u2019s needs and considering the industry in which they operate. This service is recommended in order for companies to fulfill their compliance with local and international norms.[\/vc_column_text][\/vc_column_inner][vc_column_inner width=&#8221;1\/3&#8243;][vc_single_image image=&#8221;1690&#8243; img_size=&#8221;200&#215;200&#8243; alignment=&#8221;center&#8221; style=&#8221;vc_box_circle_2&#8243;]<h2 class=\"sc_title sc_title_regular sc_align_center ss-service-title margin_top_small\" style=\"text-align:center;\">Prevention Programs<\/h2>[vc_separator css=&#8221;.vc_custom_1502902577074{margin-top: 15px !important;margin-bottom: 15px !important;}&#8221;][vc_column_text]We offer consulting in order to program risk prevention actions considering the nature of each company\u2019s activities and functions.[\/vc_column_text][\/vc_column_inner][vc_column_inner width=&#8221;1\/3&#8243;][vc_single_image image=&#8221;1531&#8243; img_size=&#8221;200&#215;200&#8243; alignment=&#8221;center&#8221; style=&#8221;vc_box_circle_2&#8243;]<h2 class=\"sc_title sc_title_regular sc_align_center ss-service-title margin_top_small\" style=\"text-align:center;\">Training<\/h2>[vc_separator css=&#8221;.vc_custom_1502902577074{margin-top: 15px !important;margin-bottom: 15px !important;}&#8221;][vc_column_text]Our team designs training plans to increase our client\u2019s employee\u2019s capacity to prevent risks and professional liabilities. We provide information to maintain health and prevent accidents, creating bespoke solutions that take into account every requirement a company has at all of its professional levels.[\/vc_column_text][\/vc_column_inner][\/vc_row_inner][\/vc_column][\/vc_row][vc_row css=&#8221;.vc_custom_1502918798520{padding-top: 50px !important;padding-bottom: 50px !important;}&#8221;][vc_column 0=&#8221;&#8221;][vc_separator css=&#8221;.vc_custom_1505331211036{margin-top: 25px !important;margin-bottom: 25px !important;}&#8221;][\/vc_column][\/vc_row][vc_row][vc_column width=&#8221;7\/12&#8243;]<div id=\"sc_slider_2016895879\" class=\"sc_slider sc_slider_swiper swiper-slider-container sc_slider_nocontrols sc_slider_pagination sc_slider_bg\" data-interval=\"6597\" style=\"width:100%;\"><div class=\"slides swiper-wrapper\" style=\"\"><div class=\"swiper-slide\" style=\"background-image:url(https:\/\/serviciodeseguros.com\/wp-content\/uploads\/2017\/08\/Foto-Ferias-de-Salud.jpeg);width:100%;\"><\/div><div class=\"swiper-slide\" style=\"background-image:url(https:\/\/serviciodeseguros.com\/wp-content\/uploads\/2017\/08\/Ferias-2.jpeg);width:100%;\"><\/div><div class=\"swiper-slide\" style=\"background-image:url(https:\/\/serviciodeseguros.com\/wp-content\/uploads\/2017\/08\/Fotos-Ferias-1.jpeg);width:100%;\"><\/div><div class=\"swiper-slide\" style=\"background-image:url(https:\/\/serviciodeseguros.com\/wp-content\/uploads\/2017\/08\/Fotos-Ferias-2.jpeg);width:100%;\"><\/div><div class=\"swiper-slide\" style=\"background-image:url(https:\/\/serviciodeseguros.com\/wp-content\/uploads\/2017\/08\/Ferias-3.jpeg);width:100%;\"><\/div><\/div><div class=\"sc_slider_pagination_wrap\"><\/div><\/div>[\/vc_column][vc_column width=&#8221;5\/12&#8243;]<h3 class=\"sc_title sc_title_regular blue_seguros sedes-title sc_item_title \" style=\"color:#0075b8;font-weight:600;\">Health Fairs<\/h3>[vc_column_text css=&#8221;.vc_custom_1510257896759{margin-top: 0px !important;margin-bottom: 1.5em !important;}&#8221;]We strive to provide added value to our client\u2019s plans. Health Fairs are a good example: we offer activities such as cancer prevention talks, relaxing massages, healthy food, yoga and many other options for our Collective Health clients.[\/vc_column_text][\/vc_column][\/vc_row]<\/p>\n<\/div><\/div>","protected":false},"excerpt":{"rendered":"<p>[vc_row inverse=&#8221;&#8221; css=&#8221;.vc_custom_1502900617924{padding-top: 4.4px !important;padding-bottom: 0px !important;}&#8221;][vc_column][vc_column_text el_class=&#8221;subtitle sc_item_title sedes_lead&#8221;]We are your trusted insurance brokers. We offer the most qualified consulting in personal and business insurance matters.[\/vc_column_text][vc_empty_space height=&#8221;25&#8243;][vc_row_inner][vc_column_inner width=&#8221;1\/3&#8243;][vc_single_image image=&#8221;1686&#8243; img_size=&#8221;270&#215;270&#8243; alignment=&#8221;center&#8221; style=&#8221;vc_box_circle_2&#8243;][\/vc_column_inner][vc_column_inner width=&#8221;2\/3&#8243;][vc_separator css=&#8221;.vc_custom_1502902577074{margin-top: 15px !important;margin-bottom: 15px !important;}&#8221;][vc_column_text]We provide consulting for every phase of the insurance policy management process. We design from the most [&hellip;]<\/p>\n","protected":false},"author":10,"featured_media":0,"parent":0,"menu_order":0,"comment_status":"closed","ping_status":"closed","template":"","meta":{"footnotes":""},"class_list":["post-2225","page","type-page","status-publish","hentry"],"yoast_head":"<!-- This site is optimized with the Yoast SEO plugin v23.1 - https:\/\/yoast.com\/wordpress\/plugins\/seo\/ -->\n<title>Servicios | Grupo SEDES | Servicio de Seguros<\/title>\n<meta name=\"description\" content=\"Consulte nuestros servicios, m\u00e1s all\u00e1 de coberturas. Corredores de Seguros en Panam\u00e1. Nuestro objetivo es ofrecer productos y soluciones integrales.\" \/>\n<meta name=\"robots\" content=\"index, follow, max-snippet:-1, max-image-preview:large, max-video-preview:-1\" \/>\n<link rel=\"canonical\" href=\"https:\/\/serviciodeseguros.com\/en\/servicios\/\" \/>\n<meta property=\"og:locale\" content=\"en_US\" \/>\n<meta property=\"og:type\" content=\"article\" \/>\n<meta property=\"og:title\" content=\"Servicios | Grupo SEDES | Servicio de Seguros\" \/>\n<meta property=\"og:description\" content=\"Consulte nuestros servicios, m\u00e1s all\u00e1 de coberturas. Corredores de Seguros en Panam\u00e1. Nuestro objetivo es ofrecer productos y soluciones integrales.\" \/>\n<meta property=\"og:url\" content=\"https:\/\/serviciodeseguros.com\/en\/servicios\/\" \/>\n<meta property=\"og:site_name\" content=\"Grupo SEDES\" \/>\n<meta property=\"article:modified_time\" content=\"2017-11-13T19:53:57+00:00\" \/>\n<meta name=\"twitter:card\" content=\"summary_large_image\" \/>\n<meta name=\"twitter:label1\" content=\"Est. reading time\" \/>\n\t<meta name=\"twitter:data1\" content=\"3 minutes\" \/>\n<script type=\"application\/ld+json\" class=\"yoast-schema-graph\">{\"@context\":\"https:\/\/schema.org\",\"@graph\":[{\"@type\":\"WebPage\",\"@id\":\"https:\/\/serviciodeseguros.com\/en\/servicios\/\",\"url\":\"https:\/\/serviciodeseguros.com\/en\/servicios\/\",\"name\":\"Servicios | Grupo SEDES | Servicio de Seguros\",\"isPartOf\":{\"@id\":\"https:\/\/serviciodeseguros.com\/#website\"},\"datePublished\":\"2017-08-16T16:43:23+00:00\",\"dateModified\":\"2017-11-13T19:53:57+00:00\",\"description\":\"Consulte nuestros servicios, m\u00e1s all\u00e1 de coberturas. Corredores de Seguros en Panam\u00e1. Nuestro objetivo es ofrecer productos y soluciones integrales.\",\"breadcrumb\":{\"@id\":\"https:\/\/serviciodeseguros.com\/en\/servicios\/#breadcrumb\"},\"inLanguage\":\"en-US\",\"potentialAction\":[{\"@type\":\"ReadAction\",\"target\":[\"https:\/\/serviciodeseguros.com\/en\/servicios\/\"]}]},{\"@type\":\"BreadcrumbList\",\"@id\":\"https:\/\/serviciodeseguros.com\/en\/servicios\/#breadcrumb\",\"itemListElement\":[{\"@type\":\"ListItem\",\"position\":1,\"name\":\"Portada\",\"item\":\"https:\/\/serviciodeseguros.com\/en\/\"},{\"@type\":\"ListItem\",\"position\":2,\"name\":\"Services\"}]},{\"@type\":\"WebSite\",\"@id\":\"https:\/\/serviciodeseguros.com\/#website\",\"url\":\"https:\/\/serviciodeseguros.com\/\",\"name\":\"Grupo SEDES\",\"description\":\"Servicios de Seguros\",\"potentialAction\":[{\"@type\":\"SearchAction\",\"target\":{\"@type\":\"EntryPoint\",\"urlTemplate\":\"https:\/\/serviciodeseguros.com\/?s={search_term_string}\"},\"query-input\":\"required name=search_term_string\"}],\"inLanguage\":\"en-US\"}]}<\/script>\n<!-- \/ Yoast SEO plugin. -->","yoast_head_json":{"title":"Servicios | Grupo SEDES | Servicio de Seguros","description":"Consulte nuestros servicios, m\u00e1s all\u00e1 de coberturas. Corredores de Seguros en Panam\u00e1. Nuestro objetivo es ofrecer productos y soluciones integrales.","robots":{"index":"index","follow":"follow","max-snippet":"max-snippet:-1","max-image-preview":"max-image-preview:large","max-video-preview":"max-video-preview:-1"},"canonical":"https:\/\/serviciodeseguros.com\/en\/servicios\/","og_locale":"en_US","og_type":"article","og_title":"Servicios | Grupo SEDES | Servicio de Seguros","og_description":"Consulte nuestros servicios, m\u00e1s all\u00e1 de coberturas. Corredores de Seguros en Panam\u00e1. Nuestro objetivo es ofrecer productos y soluciones integrales.","og_url":"https:\/\/serviciodeseguros.com\/en\/servicios\/","og_site_name":"Grupo SEDES","article_modified_time":"2017-11-13T19:53:57+00:00","twitter_card":"summary_large_image","twitter_misc":{"Est. reading time":"3 minutes"},"schema":{"@context":"https:\/\/schema.org","@graph":[{"@type":"WebPage","@id":"https:\/\/serviciodeseguros.com\/en\/servicios\/","url":"https:\/\/serviciodeseguros.com\/en\/servicios\/","name":"Servicios | Grupo SEDES | Servicio de Seguros","isPartOf":{"@id":"https:\/\/serviciodeseguros.com\/#website"},"datePublished":"2017-08-16T16:43:23+00:00","dateModified":"2017-11-13T19:53:57+00:00","description":"Consulte nuestros servicios, m\u00e1s all\u00e1 de coberturas. Corredores de Seguros en Panam\u00e1. Nuestro objetivo es ofrecer productos y soluciones integrales.","breadcrumb":{"@id":"https:\/\/serviciodeseguros.com\/en\/servicios\/#breadcrumb"},"inLanguage":"en-US","potentialAction":[{"@type":"ReadAction","target":["https:\/\/serviciodeseguros.com\/en\/servicios\/"]}]},{"@type":"BreadcrumbList","@id":"https:\/\/serviciodeseguros.com\/en\/servicios\/#breadcrumb","itemListElement":[{"@type":"ListItem","position":1,"name":"Portada","item":"https:\/\/serviciodeseguros.com\/en\/"},{"@type":"ListItem","position":2,"name":"Services"}]},{"@type":"WebSite","@id":"https:\/\/serviciodeseguros.com\/#website","url":"https:\/\/serviciodeseguros.com\/","name":"Grupo SEDES","description":"Servicios de Seguros","potentialAction":[{"@type":"SearchAction","target":{"@type":"EntryPoint","urlTemplate":"https:\/\/serviciodeseguros.com\/?s={search_term_string}"},"query-input":"required name=search_term_string"}],"inLanguage":"en-US"}]}},"_links":{"self":[{"href":"https:\/\/serviciodeseguros.com\/en\/wp-json\/wp\/v2\/pages\/2225"}],"collection":[{"href":"https:\/\/serviciodeseguros.com\/en\/wp-json\/wp\/v2\/pages"}],"about":[{"href":"https:\/\/serviciodeseguros.com\/en\/wp-json\/wp\/v2\/types\/page"}],"author":[{"embeddable":true,"href":"https:\/\/serviciodeseguros.com\/en\/wp-json\/wp\/v2\/users\/10"}],"replies":[{"embeddable":true,"href":"https:\/\/serviciodeseguros.com\/en\/wp-json\/wp\/v2\/comments?post=2225"}],"version-history":[{"count":4,"href":"https:\/\/serviciodeseguros.com\/en\/wp-json\/wp\/v2\/pages\/2225\/revisions"}],"predecessor-version":[{"id":2279,"href":"https:\/\/serviciodeseguros.com\/en\/wp-json\/wp\/v2\/pages\/2225\/revisions\/2279"}],"wp:attachment":[{"href":"https:\/\/serviciodeseguros.com\/en\/wp-json\/wp\/v2\/media?parent=2225"}],"curies":[{"name":"wp","href":"https:\/\/api.w.org\/{rel}","templated":true}]}}